{"id":12727,"date":"2021-10-01T13:01:38","date_gmt":"2021-10-01T11:01:38","guid":{"rendered":"https:\/\/dynamic-words.de\/impressum\/"},"modified":"2024-07-29T14:18:45","modified_gmt":"2024-07-29T12:18:45","slug":"foretagsinformation","status":"publish","type":"page","link":"https:\/\/dynamic-words.de\/sv\/foretagsinformation\/","title":{"rendered":"F\u00f6retagsinformation"},"content":{"rendered":"\t\t<div data-elementor-type=\"wp-page\" data-elementor-id=\"12727\" class=\"elementor elementor-12727 elementor-5475\" data-elementor-post-type=\"page\">\n\t\t\t\t\t\t<section class=\"elementor-section elementor-top-section elementor-element elementor-element-691aec9 elementor-section-boxed elementor-section-height-default elementor-section-height-default\" data-id=\"691aec9\" data-element_type=\"section\" data-e-type=\"section\">\n\t\t\t\t\t\t<div class=\"elementor-container elementor-column-gap-wider\">\n\t\t\t\t\t<div class=\"elementor-column elementor-col-100 elementor-top-column elementor-element elementor-element-9022588\" data-id=\"9022588\" data-element_type=\"column\" data-e-type=\"column\">\n\t\t\t<div class=\"elementor-widget-wrap elementor-element-populated\">\n\t\t\t\t\t\t<div class=\"elementor-element elementor-element-223cd16 elementor-widget elementor-widget-text-editor\" data-id=\"223cd16\" data-element_type=\"widget\" data-e-type=\"widget\" data-widget_type=\"text-editor.default\">\n\t\t\t\t<div class=\"elementor-widget-container\">\n\t\t\t\t\t\t\t\t\t<p><strong>F\u00f6retagsinformation<br \/>Ansvarig f\u00f6r inneh\u00e5llet<\/strong><\/p><p>Dynamic Words\u00ae<br \/>Internationell kommunikation och fack\u00f6vers\u00e4ttning<\/p><p>Monika Englund \u2013 MA<br \/><span style=\"background-color: rgba(255, 255, 255, 0); color: var(--the7-base-color); letter-spacing: var(--the7-base-letter-spacing); text-transform: var(--the7-base-text-transform); word-spacing: normal;\">Am Papenberg 33<br \/><\/span><span style=\"background-color: rgba(255, 255, 255, 0); color: var(--the7-base-color); letter-spacing: var(--the7-base-letter-spacing); text-transform: var(--the7-base-text-transform); word-spacing: normal;\">31162 Bad Salzdetfurth<br \/><\/span><span style=\"background-color: rgba(255, 255, 255, 0); color: var(--the7-base-color); letter-spacing: var(--the7-base-letter-spacing); text-transform: var(--the7-base-text-transform); word-spacing: normal;\">Tyskland<\/span><\/p><p><strong>Kontakt<\/strong><\/p><p>Telefon: <a href=\"Tel:+4950637814203\">+49 (0)5063 781 42 03<\/a><br \/><span style=\"background-color: rgba(255, 255, 255, 0); color: var(--the7-base-color); letter-spacing: var(--the7-base-letter-spacing); text-transform: var(--the7-base-text-transform); word-spacing: normal;\">E-post: <\/span><a style=\"background-color: rgba(255, 255, 255, 0); letter-spacing: var(--the7-base-letter-spacing); text-transform: var(--the7-base-text-transform); word-spacing: normal;\" href=\"mailto:info@dynamic-words.de\">info@dynamic-words.de<\/a><\/p><p><strong>Momsregistreringsnummer<\/strong><strong><br \/><\/strong>Momsregistreringsnummer enligt \u00a7\u00a027 a i den tyska momsskattelagen (Umsatzsteuergesetz):<\/p><p>DE 253453949<\/p><p><strong>Information om den europeiska online-plattformen f\u00f6r tvistl\u00f6sning<\/strong><\/p><p>EU-kommissionen har skapat en online-plattform f\u00f6r tvistl\u00f6sning p\u00e5 n\u00e4tet (ODR-plattform): <a href=\"https:\/\/ec.europa.eu\/consumers\/odr\/\">https:\/\/ec.europa.eu\/consumers\/odr\/<\/a><\/p><p><strong>Domstolsort<\/strong><\/p><p>Hannover, Tyskland<\/p><p><strong>Ansvarsf\u00f6rs\u00e4kring i yrkesut\u00f6vning<\/strong><\/p><p>F\u00f6rs\u00e4kringsbolagets namn och s\u00e4te:<\/p><p>Dialogi Versicherung AG<br \/>Adenauerring 7<br \/>81737 M\u00fcnchen<br \/>Tyskland<\/p><p><strong>Medlemskap<\/strong><\/p><p>Jag \u00e4r medlem i:<\/p><p>BD\u00dc &#8211; Tyska f\u00f6rbundet f\u00f6r tolkar och \u00f6vers\u00e4ttare<br \/>Bundesverband der Dolmetscher und \u00dcbersetzer e.V.<br \/><a href=\"https:\/\/bdue.de\/der-bdue\">https:\/\/bdue.de\/der-bdue<\/a><\/p><p>SF\u00d6-SAT<br \/>Sveriges fack\u00f6vers\u00e4ttarf\u00f6rening och auktoriserade tolkar<br \/><a href=\"https:\/\/sfoe.se\/sv\">https:\/\/sfoe.se\/sv<\/a><\/p><p><strong>Webbdesign och tekniskt utf\u00f6rande<\/strong><\/p><p><a href=\"https:\/\/k7media.de\" target=\"_blank\" rel=\"noopener\">K7 Media GmbH<\/a><br \/>Hohenzollernstra\u00dfe 4<br \/>30161 Hannover<br \/>Tyskland<\/p><p><strong>Juridiskt ombud och r\u00e5dgivning<\/strong><\/p><p>Dynamic Words\u00ae juridiska ombud \u00e4r:<\/p><p>Kanzlei Riedesel<br \/><span style=\"background-color: rgba(255, 255, 255, 0); color: var(--the7-base-color); letter-spacing: var(--the7-base-letter-spacing); text-transform: var(--the7-base-text-transform); word-spacing: normal;\">Kersten Riedesel<br \/><\/span><span style=\"background-color: rgba(255, 255, 255, 0); color: var(--the7-base-color); letter-spacing: var(--the7-base-letter-spacing); text-transform: var(--the7-base-text-transform); word-spacing: normal;\">Friedenstra\u00dfe 1<br \/><\/span><span style=\"background-color: rgba(255, 255, 255, 0); color: var(--the7-base-color); letter-spacing: var(--the7-base-letter-spacing); text-transform: var(--the7-base-text-transform); word-spacing: normal;\">30175 Hannover<br \/><\/span>Tyskland<\/p>\t\t\t\t\t\t\t\t<\/div>\n\t\t\t\t<\/div>\n\t\t\t\t\t<\/div>\n\t\t<\/div>\n\t\t\t\t\t<\/div>\n\t\t<\/section>\n\t\t\t\t<\/div>\n\t\t","protected":false},"excerpt":{"rendered":"<p>F\u00f6retagsinformationAnsvarig f\u00f6r inneh\u00e5llet Dynamic Words\u00aeInternationell kommunikation och fack\u00f6vers\u00e4ttning Monika Englund \u2013 MAAm Papenberg 3331162 Bad SalzdetfurthTyskland Kontakt Telefon: +49 (0)5063 781 42 03E-post: info@dynamic-words.de MomsregistreringsnummerMomsregistreringsnummer enligt \u00a7\u00a027 a i den tyska momsskattelagen (Umsatzsteuergesetz): DE 253453949 Information om den europeiska online-plattformen f\u00f6r tvistl\u00f6sning EU-kommissionen har skapat en online-plattform f\u00f6r tvistl\u00f6sning p\u00e5 n\u00e4tet (ODR-plattform): https:\/\/ec.europa.eu\/consumers\/odr\/ Domstolsort Hannover,&hellip;<\/p>\n","protected":false},"author":1,"featured_media":0,"parent":0,"menu_order":40,"comment_status":"closed","ping_status":"closed","template":"","meta":{"footnotes":""},"class_list":["post-12727","page","type-page","status-publish","hentry"],"_links":{"self":[{"href":"https:\/\/dynamic-words.de\/sv\/wp-json\/wp\/v2\/pages\/12727","targetHints":{"allow":["GET"]}}],"collection":[{"href":"https:\/\/dynamic-words.de\/sv\/wp-json\/wp\/v2\/pages"}],"about":[{"href":"https:\/\/dynamic-words.de\/sv\/wp-json\/wp\/v2\/types\/page"}],"author":[{"embeddable":true,"href":"https:\/\/dynamic-words.de\/sv\/wp-json\/wp\/v2\/users\/1"}],"replies":[{"embeddable":true,"href":"https:\/\/dynamic-words.de\/sv\/wp-json\/wp\/v2\/comments?post=12727"}],"version-history":[{"count":21,"href":"https:\/\/dynamic-words.de\/sv\/wp-json\/wp\/v2\/pages\/12727\/revisions"}],"predecessor-version":[{"id":16058,"href":"https:\/\/dynamic-words.de\/sv\/wp-json\/wp\/v2\/pages\/12727\/revisions\/16058"}],"wp:attachment":[{"href":"https:\/\/dynamic-words.de\/sv\/wp-json\/wp\/v2\/media?parent=12727"}],"curies":[{"name":"wp","href":"https:\/\/api.w.org\/{rel}","templated":true}]}}